{"id":1116,"date":"2024-10-05T19:31:36","date_gmt":"2024-10-05T19:31:36","guid":{"rendered":"https:\/\/www.spellpolaris.com\/about\/"},"modified":"2024-12-21T15:48:38","modified_gmt":"2024-12-21T12:48:38","slug":"about","status":"publish","type":"page","link":"https:\/\/www.spellpolaris.com\/fi\/about\/","title":{"rendered":"Tietoa"},"content":{"rendered":"<div class=\"wp-block-uagb-container uagb-block-324f569a alignfull uagb-is-root-container\"><div class=\"wp-block-nk-awb nk-awb nk-awb-with-featured-image nk-awb-fullheight nk-awb-content-valign-center has-small-font-size is-layout-constrained wp-container-nk-awb-is-layout-1 wp-block-awb-is-layout-constrained\" style=\"min-height:420px\"><div class=\"nk-awb-wrap\" data-awb-type=\"image\" data-awb-parallax=\"opacity\" data-awb-parallax-speed=\"0.5\" data-awb-parallax-mobile=\"false\" data-awb-image-background-size=\"cover\" data-awb-image-background-position=\"56% 50%\"><div class=\"nk-awb-overlay\" style=\"background: #00000042;\"><\/div><div class=\"nk-awb-inner\"><img loading=\"lazy\" decoding=\"async\" width=\"1920\" height=\"420\" src=\"https:\/\/www.spellpolaris.com\/wp-content\/uploads\/2024\/10\/1.jpg\" class=\"wp-image-3191 jarallax-img\" alt=\"\" srcset=\"https:\/\/www.spellpolaris.com\/wp-content\/uploads\/2024\/10\/1.jpg 1920w, https:\/\/www.spellpolaris.com\/wp-content\/uploads\/2024\/10\/1-300x66.jpg 300w, https:\/\/www.spellpolaris.com\/wp-content\/uploads\/2024\/10\/1-1024x224.jpg 1024w, https:\/\/www.spellpolaris.com\/wp-content\/uploads\/2024\/10\/1-768x168.jpg 768w, https:\/\/www.spellpolaris.com\/wp-content\/uploads\/2024\/10\/1-1536x336.jpg 1536w, https:\/\/www.spellpolaris.com\/wp-content\/uploads\/2024\/10\/1-18x4.jpg 18w, https:\/\/www.spellpolaris.com\/wp-content\/uploads\/2024\/10\/1-500x109.jpg 500w, https:\/\/www.spellpolaris.com\/wp-content\/uploads\/2024\/10\/1-800x175.jpg 800w, https:\/\/www.spellpolaris.com\/wp-content\/uploads\/2024\/10\/1-1280x280.jpg 1280w\" sizes=\"(max-width: 1920px) 100vw, 1920px\" \/><\/div><\/div><div class=\"nk-awb-wrap-content\"><\/div><\/div><\/div><div class=\"wp-block-uagb-container uagb-block-03926366 alignfull uagb-is-root-container\"><div class=\"uagb-container-inner-blocks-wrap\"><div class=\"wp-block-uagb-container uagb-block-d3634444\"><figure class=\"wp-block-image size-large is-resized has-custom-border alignleft is-style-rounded\"><img loading=\"lazy\" decoding=\"async\" width=\"1024\" height=\"1024\" src=\"https:\/\/www.spellpolaris.com\/wp-content\/uploads\/2024\/10\/Nimeton_malli5-3-1024x1024.png\" alt=\"\" class=\"wp-image-2524\" style=\"border-style:none;border-width:0px;border-radius:100px;width:556px;height:auto\" srcset=\"https:\/\/www.spellpolaris.com\/wp-content\/uploads\/2024\/10\/Nimeton_malli5-3-1024x1024.png 1024w, https:\/\/www.spellpolaris.com\/wp-content\/uploads\/2024\/10\/Nimeton_malli5-3-300x300.png 300w, https:\/\/www.spellpolaris.com\/wp-content\/uploads\/2024\/10\/Nimeton_malli5-3-100x100.png 100w, https:\/\/www.spellpolaris.com\/wp-content\/uploads\/2024\/10\/Nimeton_malli5-3-500x500.png 500w, https:\/\/www.spellpolaris.com\/wp-content\/uploads\/2024\/10\/Nimeton_malli5-3-150x150.png 150w, https:\/\/www.spellpolaris.com\/wp-content\/uploads\/2024\/10\/Nimeton_malli5-3-768x768.png 768w, https:\/\/www.spellpolaris.com\/wp-content\/uploads\/2024\/10\/Nimeton_malli5-3-1536x1536.png 1536w, https:\/\/www.spellpolaris.com\/wp-content\/uploads\/2024\/10\/Nimeton_malli5-3-800x800.png 800w, https:\/\/www.spellpolaris.com\/wp-content\/uploads\/2024\/10\/Nimeton_malli5-3-1280x1280.png 1280w, https:\/\/www.spellpolaris.com\/wp-content\/uploads\/2024\/10\/Nimeton_malli5-3.png 1563w\" sizes=\"(max-width: 1024px) 100vw, 1024px\" \/><\/figure><\/div>\n\n<div data-aos= \"fade-up\" data-aos-duration=\"400\" data-aos-delay=\"0\" data-aos-easing=\"ease\" data-aos-once=\"true\" class=\"wp-block-uagb-container uagb-block-4596b95e\"><div class=\"wp-block-uagb-advanced-heading uagb-block-755d0607\"><h6 class=\"uagb-heading-text\">Heidi Roth<\/h6><\/div>\n\n<div class=\"wp-block-uagb-info-box uagb-block-02d384db uagb-infobox__content-wrap  uagb-infobox-icon-above-title uagb-infobox-image-valign-top\"><div class=\"uagb-ifb-content\"><div class=\"uagb-ifb-title-wrap\"><span class=\"uagb-ifb-title-prefix\">Kirjoittajasta:<\/span><p class=\"uagb-ifb-title\">Heidi Roth on kokenut kirjailija, jolla on monipuolinen tausta tarinankerronnassa. H\u00e4n on tehnyt uraa kansainv\u00e4lisen markkinoinnin ja viestinn\u00e4n parissa, mik\u00e4 tuo h\u00e4nen kirjoituksiinsa ainutlaatuista syvyytt\u00e4.<br><br>Helsingiss\u00e4 asuva Heidi yhdist\u00e4\u00e4 tarinoissaan historiaa, tunteita ja luovuutta, vangiten lukijoita eri genreiss\u00e4.<\/p><\/div><div class=\"uagb-ifb-separator\"><\/div><\/div><\/div>\n\n<div class=\"wp-block-uagb-info-box uagb-block-d6d36bed uagb-infobox__content-wrap  uagb-infobox-icon-left-title uagb-infobox-left uagb-infobox-image-valign-top\"><div class=\"uagb-ifb-content\"><div class=\"uagb-ifb-left-title-image\"><div class=\"uagb-ifb-icon-wrap\"><svg xmlns=\"https:\/\/www.w3.org\/2000\/svg\" viewbox=\"0 0 512 512\"><path d=\"M421.7 220.3L188.5 453.4L154.6 419.5L158.1 416H112C103.2 416 96 408.8 96 400V353.9L92.51 357.4C87.78 362.2 84.31 368 82.42 374.4L59.44 452.6L137.6 429.6C143.1 427.7 149.8 424.2 154.6 419.5L188.5 453.4C178.1 463.8 165.2 471.5 151.1 475.6L30.77 511C22.35 513.5 13.24 511.2 7.03 504.1C.8198 498.8-1.502 489.7 .976 481.2L36.37 360.9C40.53 346.8 48.16 333.9 58.57 323.5L291.7 90.34L421.7 220.3zM492.7 58.75C517.7 83.74 517.7 124.3 492.7 149.3L444.3 197.7L314.3 67.72L362.7 19.32C387.7-5.678 428.3-5.678 453.3 19.32L492.7 58.75z\"><\/path><\/svg><\/div><div class=\"uagb-ifb-title-wrap\"><h3 class=\"uagb-ifb-title-prefix\">Kirjailijan tervehdys:<\/h3><\/div><\/div><p class=\"uagb-ifb-desc\">\"Kirjoittaminen ja luovuus ovat minulle hyvin t\u00e4rkeit\u00e4 asioista el\u00e4m\u00e4ss\u00e4ni. En tied\u00e4 viel\u00e4k\u00e4\u00e4n mist\u00e4 tarinat kumpuavat, mutta sen tied\u00e4n, ett\u00e4 minun pit\u00e4\u00e4 kertoa niit\u00e4 sinulle. Kirjoittaa sanat paperille, n\u00e4hd\u00e4 isompi kokonaisuus, tuntea ja n\u00e4hd\u00e4 tuo matka, jonka tarinan hahmot tekev\u00e4t. Oppiakseni jotain, tunteakseni jotain, ollakseni osa t\u00e4t\u00e4 el\u00e4m\u00e4n verkostoa ja ihmisyytt\u00e4.\"<\/p><div class=\"uagb-ifb-separator\"><\/div><\/div><\/div><\/div><\/div><\/div><div class=\"wp-block-uagb-container uagb-block-50537160 alignfull uagb-is-root-container\"><div class=\"uagb-container-inner-blocks-wrap\"><div class=\"wp-block-uagb-container uagb-block-c9d2c5bd\"><figure class=\"wp-block-image size-full is-resized is-style-rounded\"><img loading=\"lazy\" decoding=\"async\" width=\"1080\" height=\"1080\" src=\"https:\/\/www.spellpolaris.com\/wp-content\/uploads\/2024\/12\/Jenni_Nadin_1.png\" alt=\"\" class=\"wp-image-3283\" style=\"width:441px;height:auto\" srcset=\"https:\/\/www.spellpolaris.com\/wp-content\/uploads\/2024\/12\/Jenni_Nadin_1.png 1080w, https:\/\/www.spellpolaris.com\/wp-content\/uploads\/2024\/12\/Jenni_Nadin_1-300x300.png 300w, https:\/\/www.spellpolaris.com\/wp-content\/uploads\/2024\/12\/Jenni_Nadin_1-1024x1024.png 1024w, https:\/\/www.spellpolaris.com\/wp-content\/uploads\/2024\/12\/Jenni_Nadin_1-150x150.png 150w, https:\/\/www.spellpolaris.com\/wp-content\/uploads\/2024\/12\/Jenni_Nadin_1-768x768.png 768w, https:\/\/www.spellpolaris.com\/wp-content\/uploads\/2024\/12\/Jenni_Nadin_1-12x12.png 12w, https:\/\/www.spellpolaris.com\/wp-content\/uploads\/2024\/12\/Jenni_Nadin_1-500x500.png 500w, https:\/\/www.spellpolaris.com\/wp-content\/uploads\/2024\/12\/Jenni_Nadin_1-800x800.png 800w, https:\/\/www.spellpolaris.com\/wp-content\/uploads\/2024\/12\/Jenni_Nadin_1-100x100.png 100w\" sizes=\"(max-width: 1080px) 100vw, 1080px\" \/><\/figure><\/div>\n\n<div data-aos= \"fade-up\" data-aos-duration=\"400\" data-aos-delay=\"0\" data-aos-easing=\"ease\" data-aos-once=\"true\" class=\"wp-block-uagb-container uagb-block-ed0142b4\"><div class=\"wp-block-uagb-advanced-heading uagb-block-2c877e38\"><h6 class=\"uagb-heading-text\">Jenni Nadin<\/h6><\/div>\n\n<div class=\"wp-block-uagb-info-box uagb-block-dfe7dff6 uagb-infobox__content-wrap  uagb-infobox-icon-above-title uagb-infobox-image-valign-top\"><div class=\"uagb-ifb-content\"><div class=\"uagb-ifb-title-wrap\"><span class=\"uagb-ifb-title-prefix\">Kuvittaja:<\/span><p class=\"uagb-ifb-title\">Taiteilija Jenni Nadin on luonut inspiroivaa taidetta tarinamaailman pohjalta, kuten julisteita ja postikortteja, jotka ovat saatavilla kirjan ohella.<\/p><\/div><div class=\"uagb-ifb-separator\"><\/div><\/div><\/div><\/div><\/div><\/div>","protected":false},"excerpt":{"rendered":"<p>Heidi Roth Jenni Nadin<\/p>","protected":false},"author":1,"featured_media":3191,"parent":0,"menu_order":0,"comment_status":"closed","ping_status":"closed","template":"","meta":{"_uag_custom_page_level_css":"","site-sidebar-layout":"no-sidebar","site-content-layout":"page-builder","ast-site-content-layout":"full-width-container","site-content-style":"unboxed","site-sidebar-style":"unboxed","ast-global-header-display":"","ast-banner-title-visibility":"","ast-main-header-display":"","ast-hfb-above-header-display":"","ast-hfb-below-header-display":"","ast-hfb-mobile-header-display":"","site-post-title":"disabled","ast-breadcrumbs-content":"disabled","ast-featured-img":"disabled","footer-sml-layout":"","theme-transparent-header-meta":"enabled","adv-header-id-meta":"","stick-header-meta":"","header-above-stick-meta":"","header-main-stick-meta":"","header-below-stick-meta":"","astra-migrate-meta-layouts":"set","ast-page-background-enabled":"default","ast-page-background-meta":{"desktop":{"background-color":"var(--ast-global-color-4)","background-image":"","background-repeat":"repeat","background-position":"center center","background-size":"auto","background-attachment":"scroll","background-type":"","background-media":"","overlay-type":"","overlay-color":"","overlay-opacity":"","overlay-gradient":""},"tablet":{"background-color":"","background-image":"","background-repeat":"repeat","background-position":"center center","background-size":"auto","background-attachment":"scroll","background-type":"","background-media":"","overlay-type":"","overlay-color":"","overlay-opacity":"","overlay-gradient":""},"mobile":{"background-color":"","background-image":"","background-repeat":"repeat","background-position":"center center","background-size":"auto","background-attachment":"scroll","background-type":"","background-media":"","overlay-type":"","overlay-color":"","overlay-opacity":"","overlay-gradient":""}},"ast-content-background-meta":{"desktop":{"background-color":"var(--ast-global-color-5)","background-image":"","background-repeat":"repeat","background-position":"center center","background-size":"auto","background-attachment":"scroll","background-type":"","background-media":"","overlay-type":"","overlay-color":"","overlay-opacity":"","overlay-gradient":""},"tablet":{"background-color":"var(--ast-global-color-5)","background-image":"","background-repeat":"repeat","background-position":"center center","background-size":"auto","background-attachment":"scroll","background-type":"","background-media":"","overlay-type":"","overlay-color":"","overlay-opacity":"","overlay-gradient":""},"mobile":{"background-color":"var(--ast-global-color-5)","background-image":"","background-repeat":"repeat","background-position":"center center","background-size":"auto","background-attachment":"scroll","background-type":"","background-media":"","overlay-type":"","overlay-color":"","overlay-opacity":"","overlay-gradient":""}},"footnotes":""},"class_list":["post-1116","page","type-page","status-publish","has-post-thumbnail","hentry"],"uagb_featured_image_src":{"full":["https:\/\/www.spellpolaris.com\/wp-content\/uploads\/2024\/10\/1.jpg",1920,420,false],"thumbnail":["https:\/\/www.spellpolaris.com\/wp-content\/uploads\/2024\/10\/1-150x150.jpg",150,150,true],"medium":["https:\/\/www.spellpolaris.com\/wp-content\/uploads\/2024\/10\/1-300x66.jpg",300,66,true],"medium_large":["https:\/\/www.spellpolaris.com\/wp-content\/uploads\/2024\/10\/1-768x168.jpg",768,168,true],"large":["https:\/\/www.spellpolaris.com\/wp-content\/uploads\/2024\/10\/1-1024x224.jpg",1024,224,true],"1536x1536":["https:\/\/www.spellpolaris.com\/wp-content\/uploads\/2024\/10\/1-1536x336.jpg",1536,336,true],"2048x2048":["https:\/\/www.spellpolaris.com\/wp-content\/uploads\/2024\/10\/1.jpg",1920,420,false],"trp-custom-language-flag":["https:\/\/www.spellpolaris.com\/wp-content\/uploads\/2024\/10\/1-18x4.jpg",18,4,true],"woocommerce_thumbnail":["https:\/\/www.spellpolaris.com\/wp-content\/uploads\/2024\/10\/1-300x66.jpg",300,66,true],"woocommerce_single":["https:\/\/www.spellpolaris.com\/wp-content\/uploads\/2024\/10\/1-500x109.jpg",500,109,true],"woocommerce_gallery_thumbnail":["https:\/\/www.spellpolaris.com\/wp-content\/uploads\/2024\/10\/1-100x100.jpg",100,100,true],"awb_sm":["https:\/\/www.spellpolaris.com\/wp-content\/uploads\/2024\/10\/1-500x109.jpg",500,109,true],"awb_md":["https:\/\/www.spellpolaris.com\/wp-content\/uploads\/2024\/10\/1-800x175.jpg",800,175,true],"awb_lg":["https:\/\/www.spellpolaris.com\/wp-content\/uploads\/2024\/10\/1-1280x280.jpg",1280,280,true],"awb_xl":["https:\/\/www.spellpolaris.com\/wp-content\/uploads\/2024\/10\/1.jpg",1920,420,false]},"uagb_author_info":{"display_name":"Spellpolaris","author_link":"https:\/\/www.spellpolaris.com\/fi\/author\/spellpolaris\/"},"uagb_comment_info":0,"uagb_excerpt":"Heidi Roth Jenni Nadin","_links":{"self":[{"href":"https:\/\/www.spellpolaris.com\/fi\/wp-json\/wp\/v2\/pages\/1116"}],"collection":[{"href":"https:\/\/www.spellpolaris.com\/fi\/wp-json\/wp\/v2\/pages"}],"about":[{"href":"https:\/\/www.spellpolaris.com\/fi\/wp-json\/wp\/v2\/types\/page"}],"author":[{"embeddable":true,"href":"https:\/\/www.spellpolaris.com\/fi\/wp-json\/wp\/v2\/users\/1"}],"replies":[{"embeddable":true,"href":"https:\/\/www.spellpolaris.com\/fi\/wp-json\/wp\/v2\/comments?post=1116"}],"version-history":[{"count":5,"href":"https:\/\/www.spellpolaris.com\/fi\/wp-json\/wp\/v2\/pages\/1116\/revisions"}],"predecessor-version":[{"id":3285,"href":"https:\/\/www.spellpolaris.com\/fi\/wp-json\/wp\/v2\/pages\/1116\/revisions\/3285"}],"wp:featuredmedia":[{"embeddable":true,"href":"https:\/\/www.spellpolaris.com\/fi\/wp-json\/wp\/v2\/media\/3191"}],"wp:attachment":[{"href":"https:\/\/www.spellpolaris.com\/fi\/wp-json\/wp\/v2\/media?parent=1116"}],"curies":[{"name":"wp","href":"https:\/\/api.w.org\/{rel}","templated":true}]}}