{"id":3136,"date":"2024-10-21T17:31:39","date_gmt":"2024-10-21T14:31:39","guid":{"rendered":"https:\/\/www.spellpolaris.com\/?post_type=product&#038;p=3136"},"modified":"2026-02-28T17:42:15","modified_gmt":"2026-02-28T14:42:15","slug":"lumina-kirja","status":"publish","type":"product","link":"https:\/\/www.spellpolaris.com\/fi\/tuote\/lumina-kirja\/","title":{"rendered":"Lumina-kirja"},"content":{"rendered":"<div><span class=\"oypena\" style=\"font-size: 0.9375rem;\"><b><i>Seikkailufantasia muinaisesta pohjoisesta<\/i><\/b><\/span> <span class=\"oypena\" style=\"font-size: 0.9375rem;\"><b><i>ja \u0161amaanitytt\u00f6 Luminasta<\/i><\/b><\/span><\/div>\n<div>\n<div>\n<p class=\"cvgsua\"><span class=\"oypena\"><b><i>ISBN 978-952-65395-0-8 (kovakantinen)<\/i><\/b><\/span><\/p>\n<p>Hinta 26\u20ac<\/p>\n<\/div>\n<\/div>","protected":false},"excerpt":{"rendered":"<div><span class=\"oypena\" style=\"font-size: 0.9375rem;\"><b><i>Seikkailufantasia muinaisesta pohjoisesta<\/i><\/b><\/span> <span class=\"oypena\" style=\"font-size: 0.9375rem;\"><b><i>ja \u0161amaanitytt\u00f6 Luminasta <\/i><\/b><\/span><\/div>\n<p>&nbsp;<\/p>\n<div><b style=\"font-size: 0.9375rem;\"><i>ISBN 978-952-65395-0-8 (kovakantinen)\u2028<\/i><\/b><\/div>\n<p>Hinta 26\u20ac + postitus Suomeen 7,90\u20ac<\/p>\n<div><span style=\"font-size: revert; background-color: rgba(119, 119, 119, 0.2);\"><strong>Keskisess\u00e4 asuvasta Luminasta koulutetaan karhulaisheimonsa seuraavaa \u0161amaania. Luminan pit\u00e4\u00e4 oppia mets\u00e4n- ja vedenv\u00e4en tavat sek\u00e4 loitsurunojen salat, jotta h\u00e4nen tiet\u00e4jyytens\u00e4 kasvaa. Keskisen yll\u00e4 leijuu kuitenkin Pohjolan valtiattaren Louhen uhka ja luonnossa alkaa n\u00e4ky\u00e4 merkkej\u00e4, jotka eiv\u00e4t ennusta hyv\u00e4\u00e4.\u00a0<\/strong> <strong>Kun maahiset viev\u00e4t Luminan parhaan yst\u00e4v\u00e4n soturipoika Kalevan Aliseen, Luminan seikkailu alkaa. Luminan on selvitett\u00e4v\u00e4, miksi Tuliketut ovat hy\u00f6k\u00e4nneet ja polttaneet puolet Keskisen maasta. H\u00e4n ei ole kuitenkaan yksin vaan h\u00e4nen rinnalleen tulee yst\u00e4vi\u00e4, joilla kaikilla on omat vahvuutensa. Opittujen \u0161amaanitaitojen avulla Lumina p\u00e4\u00e4see n\u00e4kem\u00e4\u00e4n kolmen maailman salat Keskisest\u00e4 Alisen tummien varjojen kautta Yliseen, muinaisten pohjoisten jumalten valtakuntaan saakka.\u00a0<\/strong> <\/span><\/div>\n<div>\n<p class=\"cvgsua\">\n<\/div>","protected":false},"featured_media":3145,"comment_status":"closed","ping_status":"closed","template":"","meta":{"_uag_custom_page_level_css":"","site-sidebar-layout":"default","site-content-layout":"","ast-site-content-layout":"default","site-content-style":"default","site-sidebar-style":"default","ast-global-header-display":"","ast-banner-title-visibility":"","ast-main-header-display":"","ast-hfb-above-header-display":"","ast-hfb-below-header-display":"","ast-hfb-mobile-header-display":"","site-post-title":"","ast-breadcrumbs-content":"","ast-featured-img":"","footer-sml-layout":"","theme-transparent-header-meta":"default","adv-header-id-meta":"","stick-header-meta":"","header-above-stick-meta":"","header-main-stick-meta":"","header-below-stick-meta":"","astra-migrate-meta-layouts":"set","ast-page-background-enabled":"default","ast-page-background-meta":{"desktop":{"background-color":"var(--ast-global-color-4)","background-image":"","background-repeat":"repeat","background-position":"center center","background-size":"auto","background-attachment":"scroll","background-type":"","background-media":"","overlay-type":"","overlay-color":"","overlay-opacity":"","overlay-gradient":""},"tablet":{"background-color":"","background-image":"","background-repeat":"repeat","background-position":"center center","background-size":"auto","background-attachment":"scroll","background-type":"","background-media":"","overlay-type":"","overlay-color":"","overlay-opacity":"","overlay-gradient":""},"mobile":{"background-color":"","background-image":"","background-repeat":"repeat","background-position":"center center","background-size":"auto","background-attachment":"scroll","background-type":"","background-media":"","overlay-type":"","overlay-color":"","overlay-opacity":"","overlay-gradient":""}},"ast-content-background-meta":{"desktop":{"background-color":"var(--ast-global-color-5)","background-image":"","background-repeat":"repeat","background-position":"center center","background-size":"auto","background-attachment":"scroll","background-type":"","background-media":"","overlay-type":"","overlay-color":"","overlay-opacity":"","overlay-gradient":""},"tablet":{"background-color":"var(--ast-global-color-5)","background-image":"","background-repeat":"repeat","background-position":"center center","background-size":"auto","background-attachment":"scroll","background-type":"","background-media":"","overlay-type":"","overlay-color":"","overlay-opacity":"","overlay-gradient":""},"mobile":{"background-color":"var(--ast-global-color-5)","background-image":"","background-repeat":"repeat","background-position":"center center","background-size":"auto","background-attachment":"scroll","background-type":"","background-media":"","overlay-type":"","overlay-color":"","overlay-opacity":"","overlay-gradient":""}}},"product_brand":[],"product_cat":[26],"product_tag":[27,28],"class_list":{"0":"post-3136","1":"product","2":"type-product","3":"status-publish","4":"has-post-thumbnail","6":"product_cat-kirjat","7":"product_tag-books","8":"product_tag-lumina","9":"product_shipping_class-s-paketti","10":"desktop-align-center","11":"tablet-align-left","12":"mobile-align-left","14":"first","15":"instock","16":"purchasable","17":"product-type-simple"},"uagb_featured_image_src":{"full":["https:\/\/www.spellpolaris.com\/wp-content\/uploads\/2024\/10\/small_lumina_3d-1.png",540,960,false],"thumbnail":["https:\/\/www.spellpolaris.com\/wp-content\/uploads\/2024\/10\/small_lumina_3d-1-150x150.png",150,150,true],"medium":["https:\/\/www.spellpolaris.com\/wp-content\/uploads\/2024\/10\/small_lumina_3d-1-169x300.png",169,300,true],"medium_large":["https:\/\/www.spellpolaris.com\/wp-content\/uploads\/2024\/10\/small_lumina_3d-1.png",540,960,false],"large":["https:\/\/www.spellpolaris.com\/wp-content\/uploads\/2024\/10\/small_lumina_3d-1.png",540,960,false],"1536x1536":["https:\/\/www.spellpolaris.com\/wp-content\/uploads\/2024\/10\/small_lumina_3d-1.png",540,960,false],"2048x2048":["https:\/\/www.spellpolaris.com\/wp-content\/uploads\/2024\/10\/small_lumina_3d-1.png",540,960,false],"trp-custom-language-flag":["https:\/\/www.spellpolaris.com\/wp-content\/uploads\/2024\/10\/small_lumina_3d-1-7x12.png",7,12,true],"woocommerce_thumbnail":["https:\/\/www.spellpolaris.com\/wp-content\/uploads\/2024\/10\/small_lumina_3d-1-300x533.png",300,533,true],"woocommerce_single":["https:\/\/www.spellpolaris.com\/wp-content\/uploads\/2024\/10\/small_lumina_3d-1-500x889.png",500,889,true],"woocommerce_gallery_thumbnail":["https:\/\/www.spellpolaris.com\/wp-content\/uploads\/2024\/10\/small_lumina_3d-1-100x100.png",100,100,true],"awb_sm":["https:\/\/www.spellpolaris.com\/wp-content\/uploads\/2024\/10\/small_lumina_3d-1-500x889.png",500,889,true],"awb_md":["https:\/\/www.spellpolaris.com\/wp-content\/uploads\/2024\/10\/small_lumina_3d-1.png",540,960,false],"awb_lg":["https:\/\/www.spellpolaris.com\/wp-content\/uploads\/2024\/10\/small_lumina_3d-1.png",540,960,false],"awb_xl":["https:\/\/www.spellpolaris.com\/wp-content\/uploads\/2024\/10\/small_lumina_3d-1.png",540,960,false]},"uagb_author_info":{"display_name":"Lehto Atte","author_link":"https:\/\/www.spellpolaris.com\/fi\/author\/"},"uagb_comment_info":0,"uagb_excerpt":"Seikkailufantasia muinaisesta pohjoisesta ja \u0161amaanitytt\u00f6 Luminasta &nbsp; ISBN 978-952-65395-0-8 (kovakantinen)\u2028 Hinta 26\u20ac + postitus Suomeen 7,90\u20ac Keskisess\u00e4 asuvasta Luminasta koulutetaan karhulaisheimonsa seuraavaa \u0161amaania. Luminan pit\u00e4\u00e4 oppia mets\u00e4n- ja vedenv\u00e4en tavat sek\u00e4 loitsurunojen salat, jotta h\u00e4nen tiet\u00e4jyytens\u00e4 kasvaa. Keskisen yll\u00e4 leijuu kuitenkin Pohjolan valtiattaren Louhen uhka ja luonnossa alkaa n\u00e4ky\u00e4 merkkej\u00e4, jotka eiv\u00e4t ennusta hyv\u00e4\u00e4.\u00a0 Kun&hellip;","_links":{"self":[{"href":"https:\/\/www.spellpolaris.com\/fi\/wp-json\/wp\/v2\/product\/3136"}],"collection":[{"href":"https:\/\/www.spellpolaris.com\/fi\/wp-json\/wp\/v2\/product"}],"about":[{"href":"https:\/\/www.spellpolaris.com\/fi\/wp-json\/wp\/v2\/types\/product"}],"replies":[{"embeddable":true,"href":"https:\/\/www.spellpolaris.com\/fi\/wp-json\/wp\/v2\/comments?post=3136"}],"wp:featuredmedia":[{"embeddable":true,"href":"https:\/\/www.spellpolaris.com\/fi\/wp-json\/wp\/v2\/media\/3145"}],"wp:attachment":[{"href":"https:\/\/www.spellpolaris.com\/fi\/wp-json\/wp\/v2\/media?parent=3136"}],"wp:term":[{"taxonomy":"product_brand","embeddable":true,"href":"https:\/\/www.spellpolaris.com\/fi\/wp-json\/wp\/v2\/product_brand?post=3136"},{"taxonomy":"product_cat","embeddable":true,"href":"https:\/\/www.spellpolaris.com\/fi\/wp-json\/wp\/v2\/product_cat?post=3136"},{"taxonomy":"product_tag","embeddable":true,"href":"https:\/\/www.spellpolaris.com\/fi\/wp-json\/wp\/v2\/product_tag?post=3136"}],"curies":[{"name":"wp","href":"https:\/\/api.w.org\/{rel}","templated":true}]}}