{"id":3138,"date":"2024-10-21T17:31:39","date_gmt":"2024-10-21T14:31:39","guid":{"rendered":"https:\/\/www.spellpolaris.com\/?post_type=product&#038;p=3138"},"modified":"2025-03-26T22:14:41","modified_gmt":"2025-03-26T19:14:41","slug":"lumina-e-kirja","status":"publish","type":"product","link":"https:\/\/www.spellpolaris.com\/fi\/tuote\/lumina-e-kirja\/","title":{"rendered":"Lumina e-kirja"},"content":{"rendered":"<div class=\"woocommerce-product-gallery woocommerce-product-gallery--with-images woocommerce-product-gallery--columns-4 images\" data-columns=\"4\">\n<div class=\"woocommerce-product-gallery__wrapper\"><\/div>\n<\/div>\n<div class=\"summary entry-summary\">\n<div class=\"woocommerce-product-details__short-description\">\n<div><b><i>ISBN 978-952-65395-0-8 (e-kirja)\u2028<\/i><\/b><\/div>\n<p>Hinta 19\u20ac sis. e-kirjan l\u00e4hett\u00e4misen s\u00e4hk\u00f6postiin.<\/p>\n<div><strong>Keskisess\u00e4 asuvasta Luminasta koulutetaan karhulaisheimonsa seuraavaa \u0161amaania. Luminan pit\u00e4\u00e4 oppia mets\u00e4n- ja vedenv\u00e4en tavat sek\u00e4 loitsurunojen salat, jotta h\u00e4nen tiet\u00e4jyytens\u00e4 kasvaa. Keskisen yll\u00e4 leijuu kuitenkin Pohjolan valtiattaren Louhen uhka ja luonnossa alkaa n\u00e4ky\u00e4 merkkej\u00e4, jotka eiv\u00e4t ennusta hyv\u00e4\u00e4.\u00a0<\/strong> <strong>Kun maahiset viev\u00e4t Luminan parhaan yst\u00e4v\u00e4n soturipoika Kalevan Aliseen, Luminan seikkailu alkaa. Luminan on selvitett\u00e4v\u00e4, miksi Tuliketut ovat hy\u00f6k\u00e4nneet ja polttaneet puolet Keskisen maasta. H\u00e4n ei ole kuitenkaan yksin vaan h\u00e4nen rinnalleen tulee yst\u00e4vi\u00e4, joilla kaikilla on omat vahvuutensa. Opittujen \u0161amaanitaitojen avulla Lumina p\u00e4\u00e4see n\u00e4kem\u00e4\u00e4n kolmen maailman salat Keskisest\u00e4 Alisen tummien varjojen kautta Yliseen, muinaisten pohjoisten jumalten valtakuntaan saakka.\u00a0<\/strong><\/div>\n<\/div>\n<\/div>","protected":false},"excerpt":{"rendered":"<p><span class=\"oypena\"><b><i>Seikkailufantasia muinaisesta pohjoisesta<\/i><\/b><\/span> <span class=\"oypena\"><b><i>ja \u0161amaanitytt\u00f6 Luminasta<\/i><\/b><\/span><\/p>","protected":false},"featured_media":3147,"comment_status":"closed","ping_status":"closed","template":"","meta":{"_uag_custom_page_level_css":"","site-sidebar-layout":"default","site-content-layout":"","ast-site-content-layout":"default","site-content-style":"default","site-sidebar-style":"default","ast-global-header-display":"","ast-banner-title-visibility":"","ast-main-header-display":"","ast-hfb-above-header-display":"","ast-hfb-below-header-display":"","ast-hfb-mobile-header-display":"","site-post-title":"","ast-breadcrumbs-content":"","ast-featured-img":"","footer-sml-layout":"","theme-transparent-header-meta":"default","adv-header-id-meta":"","stick-header-meta":"","header-above-stick-meta":"","header-main-stick-meta":"","header-below-stick-meta":"","astra-migrate-meta-layouts":"set","ast-page-background-enabled":"default","ast-page-background-meta":{"desktop":{"background-color":"var(--ast-global-color-4)","background-image":"","background-repeat":"repeat","background-position":"center center","background-size":"auto","background-attachment":"scroll","background-type":"","background-media":"","overlay-type":"","overlay-color":"","overlay-opacity":"","overlay-gradient":""},"tablet":{"background-color":"","background-image":"","background-repeat":"repeat","background-position":"center center","background-size":"auto","background-attachment":"scroll","background-type":"","background-media":"","overlay-type":"","overlay-color":"","overlay-opacity":"","overlay-gradient":""},"mobile":{"background-color":"","background-image":"","background-repeat":"repeat","background-position":"center center","background-size":"auto","background-attachment":"scroll","background-type":"","background-media":"","overlay-type":"","overlay-color":"","overlay-opacity":"","overlay-gradient":""}},"ast-content-background-meta":{"desktop":{"background-color":"var(--ast-global-color-5)","background-image":"","background-repeat":"repeat","background-position":"center center","background-size":"auto","background-attachment":"scroll","background-type":"","background-media":"","overlay-type":"","overlay-color":"","overlay-opacity":"","overlay-gradient":""},"tablet":{"background-color":"var(--ast-global-color-5)","background-image":"","background-repeat":"repeat","background-position":"center center","background-size":"auto","background-attachment":"scroll","background-type":"","background-media":"","overlay-type":"","overlay-color":"","overlay-opacity":"","overlay-gradient":""},"mobile":{"background-color":"var(--ast-global-color-5)","background-image":"","background-repeat":"repeat","background-position":"center center","background-size":"auto","background-attachment":"scroll","background-type":"","background-media":"","overlay-type":"","overlay-color":"","overlay-opacity":"","overlay-gradient":""}}},"product_brand":[],"product_cat":[26],"product_tag":[34],"class_list":{"0":"post-3138","1":"product","2":"type-product","3":"status-publish","4":"has-post-thumbnail","6":"product_cat-kirjat","7":"product_tag-e-book","8":"desktop-align-center","9":"tablet-align-left","10":"mobile-align-left","12":"first","13":"instock","14":"purchasable","15":"product-type-simple"},"uagb_featured_image_src":{"full":["https:\/\/www.spellpolaris.com\/wp-content\/uploads\/2024\/10\/Lumina_ekirja-1.png",1500,1366,false],"thumbnail":["https:\/\/www.spellpolaris.com\/wp-content\/uploads\/2024\/10\/Lumina_ekirja-1-150x150.png",150,150,true],"medium":["https:\/\/www.spellpolaris.com\/wp-content\/uploads\/2024\/10\/Lumina_ekirja-1-300x273.png",300,273,true],"medium_large":["https:\/\/www.spellpolaris.com\/wp-content\/uploads\/2024\/10\/Lumina_ekirja-1-768x699.png",768,699,true],"large":["https:\/\/www.spellpolaris.com\/wp-content\/uploads\/2024\/10\/Lumina_ekirja-1-1024x933.png",1024,933,true],"1536x1536":["https:\/\/www.spellpolaris.com\/wp-content\/uploads\/2024\/10\/Lumina_ekirja-1.png",1500,1366,false],"2048x2048":["https:\/\/www.spellpolaris.com\/wp-content\/uploads\/2024\/10\/Lumina_ekirja-1.png",1500,1366,false],"trp-custom-language-flag":["https:\/\/www.spellpolaris.com\/wp-content\/uploads\/2024\/10\/Lumina_ekirja-1-13x12.png",13,12,true],"woocommerce_thumbnail":["https:\/\/www.spellpolaris.com\/wp-content\/uploads\/2024\/10\/Lumina_ekirja-1-300x273.png",300,273,true],"woocommerce_single":["https:\/\/www.spellpolaris.com\/wp-content\/uploads\/2024\/10\/Lumina_ekirja-1-500x455.png",500,455,true],"woocommerce_gallery_thumbnail":["https:\/\/www.spellpolaris.com\/wp-content\/uploads\/2024\/10\/Lumina_ekirja-1-100x100.png",100,100,true],"awb_sm":["https:\/\/www.spellpolaris.com\/wp-content\/uploads\/2024\/10\/Lumina_ekirja-1-500x455.png",500,455,true],"awb_md":["https:\/\/www.spellpolaris.com\/wp-content\/uploads\/2024\/10\/Lumina_ekirja-1-800x729.png",800,729,true],"awb_lg":["https:\/\/www.spellpolaris.com\/wp-content\/uploads\/2024\/10\/Lumina_ekirja-1-1280x1166.png",1280,1166,true],"awb_xl":["https:\/\/www.spellpolaris.com\/wp-content\/uploads\/2024\/10\/Lumina_ekirja-1.png",1500,1366,false]},"uagb_author_info":{"display_name":"Lehto Atte","author_link":"https:\/\/www.spellpolaris.com\/fi\/author\/"},"uagb_comment_info":0,"uagb_excerpt":"Seikkailufantasia muinaisesta pohjoisesta ja \u0161amaanitytt\u00f6 Luminasta","_links":{"self":[{"href":"https:\/\/www.spellpolaris.com\/fi\/wp-json\/wp\/v2\/product\/3138"}],"collection":[{"href":"https:\/\/www.spellpolaris.com\/fi\/wp-json\/wp\/v2\/product"}],"about":[{"href":"https:\/\/www.spellpolaris.com\/fi\/wp-json\/wp\/v2\/types\/product"}],"replies":[{"embeddable":true,"href":"https:\/\/www.spellpolaris.com\/fi\/wp-json\/wp\/v2\/comments?post=3138"}],"wp:featuredmedia":[{"embeddable":true,"href":"https:\/\/www.spellpolaris.com\/fi\/wp-json\/wp\/v2\/media\/3147"}],"wp:attachment":[{"href":"https:\/\/www.spellpolaris.com\/fi\/wp-json\/wp\/v2\/media?parent=3138"}],"wp:term":[{"taxonomy":"product_brand","embeddable":true,"href":"https:\/\/www.spellpolaris.com\/fi\/wp-json\/wp\/v2\/product_brand?post=3138"},{"taxonomy":"product_cat","embeddable":true,"href":"https:\/\/www.spellpolaris.com\/fi\/wp-json\/wp\/v2\/product_cat?post=3138"},{"taxonomy":"product_tag","embeddable":true,"href":"https:\/\/www.spellpolaris.com\/fi\/wp-json\/wp\/v2\/product_tag?post=3138"}],"curies":[{"name":"wp","href":"https:\/\/api.w.org\/{rel}","templated":true}]}}