{"id":3320,"date":"2026-02-28T16:51:45","date_gmt":"2026-02-28T13:51:45","guid":{"rendered":"https:\/\/www.spellpolaris.com\/?post_type=product&#038;p=3320"},"modified":"2026-02-28T17:29:05","modified_gmt":"2026-02-28T14:29:05","slug":"lumina-lasinalunen","status":"publish","type":"product","link":"https:\/\/www.spellpolaris.com\/fi\/tuote\/lumina-lasinalunen\/","title":{"rendered":"Lumina-lasinalunen"},"content":{"rendered":"<p id=\"isPasted\">T\u00e4m\u00e4 n\u00e4ytt\u00e4v\u00e4 lasinalunen on valmistettu Heidi Rothin kirjan Lumina inspiroimana, yhdist\u00e4en taiteellisen muotokielen ja modernin s\u00e4ihkeen ajattomaksi sisustuselementiksi.<\/p>\n<p>Lasinalunen on valmistettu kullanv\u00e4risest\u00e4 peiliakryylista, joka heijastaa valoa upeasti ja tuo kattaukseen ylellist\u00e4 hohtoa. Peilipinta luo tilaan syvyytt\u00e4 ja tekee arjen hetkist\u00e4 astetta juhlavampia.<\/p>\n<p>T\u00e4ydellinen yksityiskohta, kun haluat yhdist\u00e4\u00e4 k\u00e4yt\u00e4nn\u00f6llisyyden ja n\u00e4ytt\u00e4v\u00e4n designin \u2013 ripaus kultaa jokaiseen hetkeen.<\/p>\n<p>Koko 94 mm.<\/p>","protected":false},"excerpt":{"rendered":"<p id=\"isPasted\">T\u00e4m\u00e4 n\u00e4ytt\u00e4v\u00e4 lasinalunen on valmistettu Heidi Rothin kirjan Lumina inspiroimana, yhdist\u00e4en taiteellisen muotokielen ja modernin s\u00e4ihkeen ajattomaksi sisustuselementiksi.<\/p>\n<p>Lasinalunen on valmistettu kullanv\u00e4risest\u00e4 peiliakryylista, joka heijastaa valoa upeasti ja tuo kattaukseen ylellist\u00e4 hohtoa. Peilipinta luo tilaan syvyytt\u00e4 ja tekee arjen hetkist\u00e4 astetta juhlavampia.<\/p>\n<p>T\u00e4ydellinen yksityiskohta, kun haluat yhdist\u00e4\u00e4 k\u00e4yt\u00e4nn\u00f6llisyyden ja n\u00e4ytt\u00e4v\u00e4n designin \u2013 ripaus kultaa jokaiseen hetkeen.<\/p>\n<p>Koko 94 mm.<\/p>","protected":false},"featured_media":3321,"comment_status":"closed","ping_status":"closed","template":"","meta":{"_uag_custom_page_level_css":"","site-sidebar-layout":"default","site-content-layout":"","ast-site-content-layout":"default","site-content-style":"default","site-sidebar-style":"default","ast-global-header-display":"","ast-banner-title-visibility":"","ast-main-header-display":"","ast-hfb-above-header-display":"","ast-hfb-below-header-display":"","ast-hfb-mobile-header-display":"","site-post-title":"","ast-breadcrumbs-content":"","ast-featured-img":"","footer-sml-layout":"","theme-transparent-header-meta":"default","adv-header-id-meta":"","stick-header-meta":"","header-above-stick-meta":"","header-main-stick-meta":"","header-below-stick-meta":"","astra-migrate-meta-layouts":"set","ast-page-background-enabled":"default","ast-page-background-meta":{"desktop":{"background-color":"var(--ast-global-color-4)","background-image":"","background-repeat":"repeat","background-position":"center center","background-size":"auto","background-attachment":"scroll","background-type":"","background-media":"","overlay-type":"","overlay-color":"","overlay-opacity":"","overlay-gradient":""},"tablet":{"background-color":"","background-image":"","background-repeat":"repeat","background-position":"center center","background-size":"auto","background-attachment":"scroll","background-type":"","background-media":"","overlay-type":"","overlay-color":"","overlay-opacity":"","overlay-gradient":""},"mobile":{"background-color":"","background-image":"","background-repeat":"repeat","background-position":"center center","background-size":"auto","background-attachment":"scroll","background-type":"","background-media":"","overlay-type":"","overlay-color":"","overlay-opacity":"","overlay-gradient":""}},"ast-content-background-meta":{"desktop":{"background-color":"var(--ast-global-color-5)","background-image":"","background-repeat":"repeat","background-position":"center center","background-size":"auto","background-attachment":"scroll","background-type":"","background-media":"","overlay-type":"","overlay-color":"","overlay-opacity":"","overlay-gradient":""},"tablet":{"background-color":"var(--ast-global-color-5)","background-image":"","background-repeat":"repeat","background-position":"center center","background-size":"auto","background-attachment":"scroll","background-type":"","background-media":"","overlay-type":"","overlay-color":"","overlay-opacity":"","overlay-gradient":""},"mobile":{"background-color":"var(--ast-global-color-5)","background-image":"","background-repeat":"repeat","background-position":"center center","background-size":"auto","background-attachment":"scroll","background-type":"","background-media":"","overlay-type":"","overlay-color":"","overlay-opacity":"","overlay-gradient":""}}},"product_brand":[],"product_cat":[43],"product_tag":[44],"class_list":{"0":"post-3320","1":"product","2":"type-product","3":"status-publish","4":"has-post-thumbnail","6":"product_cat-lasinaluset","7":"product_tag-lasinaluset","8":"product_shipping_class-pienet-paketit-ja-kirjeet","9":"desktop-align-center","10":"tablet-align-left","11":"mobile-align-left","13":"first","14":"instock","15":"purchasable","16":"product-type-simple"},"uagb_featured_image_src":{"full":["https:\/\/www.spellpolaris.com\/wp-content\/uploads\/2026\/02\/IMG_8762-scaled.jpeg",1441,2560,false],"thumbnail":["https:\/\/www.spellpolaris.com\/wp-content\/uploads\/2026\/02\/IMG_8762-150x150.jpeg",150,150,true],"medium":["https:\/\/www.spellpolaris.com\/wp-content\/uploads\/2026\/02\/IMG_8762-169x300.jpeg",169,300,true],"medium_large":["https:\/\/www.spellpolaris.com\/wp-content\/uploads\/2026\/02\/IMG_8762-768x1365.jpeg",768,1365,true],"large":["https:\/\/www.spellpolaris.com\/wp-content\/uploads\/2026\/02\/IMG_8762-576x1024.jpeg",576,1024,true],"1536x1536":["https:\/\/www.spellpolaris.com\/wp-content\/uploads\/2026\/02\/IMG_8762-864x1536.jpeg",864,1536,true],"2048x2048":["https:\/\/www.spellpolaris.com\/wp-content\/uploads\/2026\/02\/IMG_8762-1153x2048.jpeg",1153,2048,true],"trp-custom-language-flag":["https:\/\/www.spellpolaris.com\/wp-content\/uploads\/2026\/02\/IMG_8762-7x12.jpeg",7,12,true],"woocommerce_thumbnail":["https:\/\/www.spellpolaris.com\/wp-content\/uploads\/2026\/02\/IMG_8762-300x533.jpeg",300,533,true],"woocommerce_single":["https:\/\/www.spellpolaris.com\/wp-content\/uploads\/2026\/02\/IMG_8762-500x888.jpeg",500,888,true],"woocommerce_gallery_thumbnail":["https:\/\/www.spellpolaris.com\/wp-content\/uploads\/2026\/02\/IMG_8762-100x100.jpeg",100,100,true],"awb_sm":["https:\/\/www.spellpolaris.com\/wp-content\/uploads\/2026\/02\/IMG_8762-500x888.jpeg",500,888,true],"awb_md":["https:\/\/www.spellpolaris.com\/wp-content\/uploads\/2026\/02\/IMG_8762-800x1421.jpeg",800,1421,true],"awb_lg":["https:\/\/www.spellpolaris.com\/wp-content\/uploads\/2026\/02\/IMG_8762-1280x2274.jpeg",1280,2274,true],"awb_xl":["https:\/\/www.spellpolaris.com\/wp-content\/uploads\/2026\/02\/IMG_8762-1920x3411.jpeg",1920,3411,true]},"uagb_author_info":{"display_name":"Spellpolaris","author_link":"https:\/\/www.spellpolaris.com\/fi\/author\/"},"uagb_comment_info":0,"uagb_excerpt":"T\u00e4m\u00e4 n\u00e4ytt\u00e4v\u00e4 lasinalunen on valmistettu Heidi Rothin kirjan Lumina inspiroimana, yhdist\u00e4en taiteellisen muotokielen ja modernin s\u00e4ihkeen ajattomaksi sisustuselementiksi. Lasinalunen on valmistettu kullanv\u00e4risest\u00e4 peiliakryylista, joka heijastaa valoa upeasti ja tuo kattaukseen ylellist\u00e4 hohtoa. Peilipinta luo tilaan syvyytt\u00e4 ja tekee arjen hetkist\u00e4 astetta juhlavampia. T\u00e4ydellinen yksityiskohta, kun haluat yhdist\u00e4\u00e4 k\u00e4yt\u00e4nn\u00f6llisyyden ja n\u00e4ytt\u00e4v\u00e4n designin \u2013 ripaus kultaa jokaiseen&hellip;","_links":{"self":[{"href":"https:\/\/www.spellpolaris.com\/fi\/wp-json\/wp\/v2\/product\/3320"}],"collection":[{"href":"https:\/\/www.spellpolaris.com\/fi\/wp-json\/wp\/v2\/product"}],"about":[{"href":"https:\/\/www.spellpolaris.com\/fi\/wp-json\/wp\/v2\/types\/product"}],"replies":[{"embeddable":true,"href":"https:\/\/www.spellpolaris.com\/fi\/wp-json\/wp\/v2\/comments?post=3320"}],"wp:featuredmedia":[{"embeddable":true,"href":"https:\/\/www.spellpolaris.com\/fi\/wp-json\/wp\/v2\/media\/3321"}],"wp:attachment":[{"href":"https:\/\/www.spellpolaris.com\/fi\/wp-json\/wp\/v2\/media?parent=3320"}],"wp:term":[{"taxonomy":"product_brand","embeddable":true,"href":"https:\/\/www.spellpolaris.com\/fi\/wp-json\/wp\/v2\/product_brand?post=3320"},{"taxonomy":"product_cat","embeddable":true,"href":"https:\/\/www.spellpolaris.com\/fi\/wp-json\/wp\/v2\/product_cat?post=3320"},{"taxonomy":"product_tag","embeddable":true,"href":"https:\/\/www.spellpolaris.com\/fi\/wp-json\/wp\/v2\/product_tag?post=3320"}],"curies":[{"name":"wp","href":"https:\/\/api.w.org\/{rel}","templated":true}]}}