{"id":3326,"date":"2026-02-28T17:06:14","date_gmt":"2026-02-28T14:06:14","guid":{"rendered":"https:\/\/www.spellpolaris.com\/?post_type=product&#038;p=3326"},"modified":"2026-02-28T17:28:28","modified_gmt":"2026-02-28T14:28:28","slug":"lumina-kaulakoru","status":"publish","type":"product","link":"https:\/\/www.spellpolaris.com\/fi\/tuote\/lumina-kaulakoru\/","title":{"rendered":"Lumina-kaulakoru"},"content":{"rendered":"<p id=\"isPasted\">T\u00e4m\u00e4 n\u00e4ytt\u00e4v\u00e4 kaulakoru on valmistettu Heidi Rothin kirjan Lumina inspiroimana, yhdist\u00e4en taiteellisen muotokielen ja modernin s\u00e4ihkeen ainutlaatuiseksi koruksi.<\/p>\n<p>Kaulakoru on valmistettu kullanv\u00e4risest\u00e4 peiliakryylista, joka heijastaa valoa upeasti ja luo ylellisen, katseenvangitsevan ilmeen. Muut osat ovat nikkelit\u00f6nt\u00e4 korumetallia, joten koru sopii my\u00f6s herkemmille k\u00e4ytt\u00e4jille.<\/p>\n<p>Kevyt mutta n\u00e4ytt\u00e4v\u00e4 \u2013 t\u00e4ydellinen valinta, kun haluat tuoda asuusi ripauksen kultaa ja rohkeaa s\u00e4ihkett\u00e4.<\/p>\n<p>Riipuksen koko noin 56 mm x 26 mm.<\/p>\n<p>Nauhan pituus 45 cm, jonka lis\u00e4ksi on noin 5 cm jatkoketju.<\/p>","protected":false},"excerpt":{"rendered":"<p id=\"isPasted\">T\u00e4m\u00e4 n\u00e4ytt\u00e4v\u00e4 kaulakoru on valmistettu Heidi Rothin kirjan Lumina inspiroimana, yhdist\u00e4en taiteellisen muotokielen ja modernin s\u00e4ihkeen ainutlaatuiseksi koruksi.<\/p>\n<p>Kaulakoru on valmistettu kullanv\u00e4risest\u00e4 peiliakryylista, joka heijastaa valoa upeasti ja luo ylellisen, katseenvangitsevan ilmeen. Muut osat ovat nikkelit\u00f6nt\u00e4 korumetallia, joten koru sopii my\u00f6s herkemmille k\u00e4ytt\u00e4jille.<\/p>\n<p>Kevyt mutta n\u00e4ytt\u00e4v\u00e4 \u2013 t\u00e4ydellinen valinta, kun haluat tuoda asuusi ripauksen kultaa ja rohkeaa s\u00e4ihkett\u00e4.<\/p>\n<p>Riipuksen koko noin 56 mm x 26 mm.<\/p>\n<p>Nauhan pituus 45 cm, jonka lis\u00e4ksi on noin 5 cm jatkoketju.<\/p>","protected":false},"featured_media":3325,"comment_status":"closed","ping_status":"closed","template":"","meta":{"_uag_custom_page_level_css":"","site-sidebar-layout":"default","site-content-layout":"","ast-site-content-layout":"default","site-content-style":"default","site-sidebar-style":"default","ast-global-header-display":"","ast-banner-title-visibility":"","ast-main-header-display":"","ast-hfb-above-header-display":"","ast-hfb-below-header-display":"","ast-hfb-mobile-header-display":"","site-post-title":"","ast-breadcrumbs-content":"","ast-featured-img":"","footer-sml-layout":"","theme-transparent-header-meta":"default","adv-header-id-meta":"","stick-header-meta":"","header-above-stick-meta":"","header-main-stick-meta":"","header-below-stick-meta":"","astra-migrate-meta-layouts":"set","ast-page-background-enabled":"default","ast-page-background-meta":{"desktop":{"background-color":"var(--ast-global-color-4)","background-image":"","background-repeat":"repeat","background-position":"center center","background-size":"auto","background-attachment":"scroll","background-type":"","background-media":"","overlay-type":"","overlay-color":"","overlay-opacity":"","overlay-gradient":""},"tablet":{"background-color":"","background-image":"","background-repeat":"repeat","background-position":"center center","background-size":"auto","background-attachment":"scroll","background-type":"","background-media":"","overlay-type":"","overlay-color":"","overlay-opacity":"","overlay-gradient":""},"mobile":{"background-color":"","background-image":"","background-repeat":"repeat","background-position":"center center","background-size":"auto","background-attachment":"scroll","background-type":"","background-media":"","overlay-type":"","overlay-color":"","overlay-opacity":"","overlay-gradient":""}},"ast-content-background-meta":{"desktop":{"background-color":"var(--ast-global-color-5)","background-image":"","background-repeat":"repeat","background-position":"center center","background-size":"auto","background-attachment":"scroll","background-type":"","background-media":"","overlay-type":"","overlay-color":"","overlay-opacity":"","overlay-gradient":""},"tablet":{"background-color":"var(--ast-global-color-5)","background-image":"","background-repeat":"repeat","background-position":"center center","background-size":"auto","background-attachment":"scroll","background-type":"","background-media":"","overlay-type":"","overlay-color":"","overlay-opacity":"","overlay-gradient":""},"mobile":{"background-color":"var(--ast-global-color-5)","background-image":"","background-repeat":"repeat","background-position":"center center","background-size":"auto","background-attachment":"scroll","background-type":"","background-media":"","overlay-type":"","overlay-color":"","overlay-opacity":"","overlay-gradient":""}}},"product_brand":[],"product_cat":[42],"product_tag":[45],"class_list":{"0":"post-3326","1":"product","2":"type-product","3":"status-publish","4":"has-post-thumbnail","6":"product_cat-korut","7":"product_tag-korut","8":"product_shipping_class-pienet-paketit-ja-kirjeet","9":"desktop-align-center","10":"tablet-align-left","11":"mobile-align-left","13":"first","14":"instock","15":"purchasable","16":"product-type-simple"},"uagb_featured_image_src":{"full":["https:\/\/www.spellpolaris.com\/wp-content\/uploads\/2026\/02\/IMG_8834-scaled.jpeg",1920,2560,false],"thumbnail":["https:\/\/www.spellpolaris.com\/wp-content\/uploads\/2026\/02\/IMG_8834-150x150.jpeg",150,150,true],"medium":["https:\/\/www.spellpolaris.com\/wp-content\/uploads\/2026\/02\/IMG_8834-225x300.jpeg",225,300,true],"medium_large":["https:\/\/www.spellpolaris.com\/wp-content\/uploads\/2026\/02\/IMG_8834-768x1024.jpeg",768,1024,true],"large":["https:\/\/www.spellpolaris.com\/wp-content\/uploads\/2026\/02\/IMG_8834-768x1024.jpeg",768,1024,true],"1536x1536":["https:\/\/www.spellpolaris.com\/wp-content\/uploads\/2026\/02\/IMG_8834-1152x1536.jpeg",1152,1536,true],"2048x2048":["https:\/\/www.spellpolaris.com\/wp-content\/uploads\/2026\/02\/IMG_8834-1536x2048.jpeg",1536,2048,true],"trp-custom-language-flag":["https:\/\/www.spellpolaris.com\/wp-content\/uploads\/2026\/02\/IMG_8834-9x12.jpeg",9,12,true],"woocommerce_thumbnail":["https:\/\/www.spellpolaris.com\/wp-content\/uploads\/2026\/02\/IMG_8834-300x400.jpeg",300,400,true],"woocommerce_single":["https:\/\/www.spellpolaris.com\/wp-content\/uploads\/2026\/02\/IMG_8834-500x667.jpeg",500,667,true],"woocommerce_gallery_thumbnail":["https:\/\/www.spellpolaris.com\/wp-content\/uploads\/2026\/02\/IMG_8834-100x100.jpeg",100,100,true],"awb_sm":["https:\/\/www.spellpolaris.com\/wp-content\/uploads\/2026\/02\/IMG_8834-500x667.jpeg",500,667,true],"awb_md":["https:\/\/www.spellpolaris.com\/wp-content\/uploads\/2026\/02\/IMG_8834-800x1067.jpeg",800,1067,true],"awb_lg":["https:\/\/www.spellpolaris.com\/wp-content\/uploads\/2026\/02\/IMG_8834-1280x1707.jpeg",1280,1707,true],"awb_xl":["https:\/\/www.spellpolaris.com\/wp-content\/uploads\/2026\/02\/IMG_8834-1920x2560.jpeg",1920,2560,true]},"uagb_author_info":{"display_name":"Spellpolaris","author_link":"https:\/\/www.spellpolaris.com\/fi\/author\/"},"uagb_comment_info":0,"uagb_excerpt":"T\u00e4m\u00e4 n\u00e4ytt\u00e4v\u00e4 kaulakoru on valmistettu Heidi Rothin kirjan Lumina inspiroimana, yhdist\u00e4en taiteellisen muotokielen ja modernin s\u00e4ihkeen ainutlaatuiseksi koruksi. Kaulakoru on valmistettu kullanv\u00e4risest\u00e4 peiliakryylista, joka heijastaa valoa upeasti ja luo ylellisen, katseenvangitsevan ilmeen. Muut osat ovat nikkelit\u00f6nt\u00e4 korumetallia, joten koru sopii my\u00f6s herkemmille k\u00e4ytt\u00e4jille. Kevyt mutta n\u00e4ytt\u00e4v\u00e4 \u2013 t\u00e4ydellinen valinta, kun haluat tuoda asuusi ripauksen kultaa&hellip;","_links":{"self":[{"href":"https:\/\/www.spellpolaris.com\/fi\/wp-json\/wp\/v2\/product\/3326"}],"collection":[{"href":"https:\/\/www.spellpolaris.com\/fi\/wp-json\/wp\/v2\/product"}],"about":[{"href":"https:\/\/www.spellpolaris.com\/fi\/wp-json\/wp\/v2\/types\/product"}],"replies":[{"embeddable":true,"href":"https:\/\/www.spellpolaris.com\/fi\/wp-json\/wp\/v2\/comments?post=3326"}],"wp:featuredmedia":[{"embeddable":true,"href":"https:\/\/www.spellpolaris.com\/fi\/wp-json\/wp\/v2\/media\/3325"}],"wp:attachment":[{"href":"https:\/\/www.spellpolaris.com\/fi\/wp-json\/wp\/v2\/media?parent=3326"}],"wp:term":[{"taxonomy":"product_brand","embeddable":true,"href":"https:\/\/www.spellpolaris.com\/fi\/wp-json\/wp\/v2\/product_brand?post=3326"},{"taxonomy":"product_cat","embeddable":true,"href":"https:\/\/www.spellpolaris.com\/fi\/wp-json\/wp\/v2\/product_cat?post=3326"},{"taxonomy":"product_tag","embeddable":true,"href":"https:\/\/www.spellpolaris.com\/fi\/wp-json\/wp\/v2\/product_tag?post=3326"}],"curies":[{"name":"wp","href":"https:\/\/api.w.org\/{rel}","templated":true}]}}