{"id":3327,"date":"2026-02-28T17:07:56","date_gmt":"2026-02-28T14:07:56","guid":{"rendered":"https:\/\/www.spellpolaris.com\/?post_type=product&#038;p=3327"},"modified":"2026-02-28T17:27:50","modified_gmt":"2026-02-28T14:27:50","slug":"lumina-korvakorut","status":"publish","type":"product","link":"https:\/\/www.spellpolaris.com\/fi\/tuote\/lumina-korvakorut\/","title":{"rendered":"Lumina-korvakorut"},"content":{"rendered":"<p id=\"isPasted\">N\u00e4m\u00e4 n\u00e4ytt\u00e4v\u00e4t korvakorut on valmistettu Heidi Rothin Lumina-kirjan inspiroimana herkk\u00e4\u00e4 yksityiskohtaisuutta ja rohkeaa muotokielt\u00e4 kunnioittaen. Design yhdist\u00e4\u00e4 taiteellisen ilmaisun ja modernin s\u00e4ihkeen ainutlaatuiseksi kokonaisuudeksi.<\/p>\n<p>Korvakorut on valmistettu upeasta kullanv\u00e4risest\u00e4 peiliakryylista, joka heijastaa valoa kauniisti ja tuo asuun ylellist\u00e4 hohtoa. Muut osat ovat nikkelit\u00f6nt\u00e4 korumetallia, joten ne sopivat my\u00f6s herkemmille k\u00e4ytt\u00e4jille.<\/p>\n<p>Kevyet mutta n\u00e4ytt\u00e4v\u00e4t \u2013 t\u00e4ydellinen valinta, kun haluat korostaa tyyli\u00e4si ja loistaa itsevarmasti.<\/p>\n<p>Riipusten koko noin 46 mm x 26 mm<\/p>","protected":false},"excerpt":{"rendered":"<p id=\"isPasted\">N\u00e4m\u00e4 n\u00e4ytt\u00e4v\u00e4t korvakorut on valmistettu Heidi Rothin Lumina-kirjan inspiroimana herkk\u00e4\u00e4 yksityiskohtaisuutta ja rohkeaa muotokielt\u00e4 kunnioittaen. Design yhdist\u00e4\u00e4 taiteellisen ilmaisun ja modernin s\u00e4ihkeen ainutlaatuiseksi kokonaisuudeksi.<\/p>\n<p>Korvakorut on valmistettu upeasta kullanv\u00e4risest\u00e4 peiliakryylista, joka heijastaa valoa kauniisti ja tuo asuun ylellist\u00e4 hohtoa. Muut osat ovat nikkelit\u00f6nt\u00e4 korumetallia, joten ne sopivat my\u00f6s herkemmille k\u00e4ytt\u00e4jille.<\/p>\n<p>Kevyet mutta n\u00e4ytt\u00e4v\u00e4t \u2013 t\u00e4ydellinen valinta, kun haluat korostaa tyyli\u00e4si ja loistaa itsevarmasti.<\/p>\n<p>Riipusten koko noin 46 mm x 26 mm<\/p>","protected":false},"featured_media":3323,"comment_status":"closed","ping_status":"closed","template":"","meta":{"_uag_custom_page_level_css":"","site-sidebar-layout":"default","site-content-layout":"","ast-site-content-layout":"default","site-content-style":"default","site-sidebar-style":"default","ast-global-header-display":"","ast-banner-title-visibility":"","ast-main-header-display":"","ast-hfb-above-header-display":"","ast-hfb-below-header-display":"","ast-hfb-mobile-header-display":"","site-post-title":"","ast-breadcrumbs-content":"","ast-featured-img":"","footer-sml-layout":"","theme-transparent-header-meta":"default","adv-header-id-meta":"","stick-header-meta":"","header-above-stick-meta":"","header-main-stick-meta":"","header-below-stick-meta":"","astra-migrate-meta-layouts":"set","ast-page-background-enabled":"default","ast-page-background-meta":{"desktop":{"background-color":"var(--ast-global-color-4)","background-image":"","background-repeat":"repeat","background-position":"center center","background-size":"auto","background-attachment":"scroll","background-type":"","background-media":"","overlay-type":"","overlay-color":"","overlay-opacity":"","overlay-gradient":""},"tablet":{"background-color":"","background-image":"","background-repeat":"repeat","background-position":"center center","background-size":"auto","background-attachment":"scroll","background-type":"","background-media":"","overlay-type":"","overlay-color":"","overlay-opacity":"","overlay-gradient":""},"mobile":{"background-color":"","background-image":"","background-repeat":"repeat","background-position":"center center","background-size":"auto","background-attachment":"scroll","background-type":"","background-media":"","overlay-type":"","overlay-color":"","overlay-opacity":"","overlay-gradient":""}},"ast-content-background-meta":{"desktop":{"background-color":"var(--ast-global-color-5)","background-image":"","background-repeat":"repeat","background-position":"center center","background-size":"auto","background-attachment":"scroll","background-type":"","background-media":"","overlay-type":"","overlay-color":"","overlay-opacity":"","overlay-gradient":""},"tablet":{"background-color":"var(--ast-global-color-5)","background-image":"","background-repeat":"repeat","background-position":"center center","background-size":"auto","background-attachment":"scroll","background-type":"","background-media":"","overlay-type":"","overlay-color":"","overlay-opacity":"","overlay-gradient":""},"mobile":{"background-color":"var(--ast-global-color-5)","background-image":"","background-repeat":"repeat","background-position":"center center","background-size":"auto","background-attachment":"scroll","background-type":"","background-media":"","overlay-type":"","overlay-color":"","overlay-opacity":"","overlay-gradient":""}}},"product_brand":[],"product_cat":[42],"product_tag":[45],"class_list":{"0":"post-3327","1":"product","2":"type-product","3":"status-publish","4":"has-post-thumbnail","6":"product_cat-korut","7":"product_tag-korut","8":"product_shipping_class-pienet-paketit-ja-kirjeet","9":"desktop-align-center","10":"tablet-align-left","11":"mobile-align-left","13":"first","14":"instock","15":"taxable","16":"shipping-taxable","17":"purchasable","18":"product-type-simple"},"uagb_featured_image_src":{"full":["https:\/\/www.spellpolaris.com\/wp-content\/uploads\/2026\/02\/IMG_8806-scaled.jpeg",1920,2560,false],"thumbnail":["https:\/\/www.spellpolaris.com\/wp-content\/uploads\/2026\/02\/IMG_8806-150x150.jpeg",150,150,true],"medium":["https:\/\/www.spellpolaris.com\/wp-content\/uploads\/2026\/02\/IMG_8806-225x300.jpeg",225,300,true],"medium_large":["https:\/\/www.spellpolaris.com\/wp-content\/uploads\/2026\/02\/IMG_8806-768x1024.jpeg",768,1024,true],"large":["https:\/\/www.spellpolaris.com\/wp-content\/uploads\/2026\/02\/IMG_8806-768x1024.jpeg",768,1024,true],"1536x1536":["https:\/\/www.spellpolaris.com\/wp-content\/uploads\/2026\/02\/IMG_8806-1152x1536.jpeg",1152,1536,true],"2048x2048":["https:\/\/www.spellpolaris.com\/wp-content\/uploads\/2026\/02\/IMG_8806-1536x2048.jpeg",1536,2048,true],"trp-custom-language-flag":["https:\/\/www.spellpolaris.com\/wp-content\/uploads\/2026\/02\/IMG_8806-9x12.jpeg",9,12,true],"woocommerce_thumbnail":["https:\/\/www.spellpolaris.com\/wp-content\/uploads\/2026\/02\/IMG_8806-300x400.jpeg",300,400,true],"woocommerce_single":["https:\/\/www.spellpolaris.com\/wp-content\/uploads\/2026\/02\/IMG_8806-500x667.jpeg",500,667,true],"woocommerce_gallery_thumbnail":["https:\/\/www.spellpolaris.com\/wp-content\/uploads\/2026\/02\/IMG_8806-100x100.jpeg",100,100,true],"awb_sm":["https:\/\/www.spellpolaris.com\/wp-content\/uploads\/2026\/02\/IMG_8806-500x667.jpeg",500,667,true],"awb_md":["https:\/\/www.spellpolaris.com\/wp-content\/uploads\/2026\/02\/IMG_8806-800x1067.jpeg",800,1067,true],"awb_lg":["https:\/\/www.spellpolaris.com\/wp-content\/uploads\/2026\/02\/IMG_8806-1280x1707.jpeg",1280,1707,true],"awb_xl":["https:\/\/www.spellpolaris.com\/wp-content\/uploads\/2026\/02\/IMG_8806-1920x2560.jpeg",1920,2560,true]},"uagb_author_info":{"display_name":"Spellpolaris","author_link":"https:\/\/www.spellpolaris.com\/fi\/author\/"},"uagb_comment_info":0,"uagb_excerpt":"N\u00e4m\u00e4 n\u00e4ytt\u00e4v\u00e4t korvakorut on valmistettu Heidi Rothin Lumina-kirjan inspiroimana herkk\u00e4\u00e4 yksityiskohtaisuutta ja rohkeaa muotokielt\u00e4 kunnioittaen. Design yhdist\u00e4\u00e4 taiteellisen ilmaisun ja modernin s\u00e4ihkeen ainutlaatuiseksi kokonaisuudeksi. Korvakorut on valmistettu upeasta kullanv\u00e4risest\u00e4 peiliakryylista, joka heijastaa valoa kauniisti ja tuo asuun ylellist\u00e4 hohtoa. Muut osat ovat nikkelit\u00f6nt\u00e4 korumetallia, joten ne sopivat my\u00f6s herkemmille k\u00e4ytt\u00e4jille. Kevyet mutta n\u00e4ytt\u00e4v\u00e4t \u2013 t\u00e4ydellinen&hellip;","_links":{"self":[{"href":"https:\/\/www.spellpolaris.com\/fi\/wp-json\/wp\/v2\/product\/3327"}],"collection":[{"href":"https:\/\/www.spellpolaris.com\/fi\/wp-json\/wp\/v2\/product"}],"about":[{"href":"https:\/\/www.spellpolaris.com\/fi\/wp-json\/wp\/v2\/types\/product"}],"replies":[{"embeddable":true,"href":"https:\/\/www.spellpolaris.com\/fi\/wp-json\/wp\/v2\/comments?post=3327"}],"wp:featuredmedia":[{"embeddable":true,"href":"https:\/\/www.spellpolaris.com\/fi\/wp-json\/wp\/v2\/media\/3323"}],"wp:attachment":[{"href":"https:\/\/www.spellpolaris.com\/fi\/wp-json\/wp\/v2\/media?parent=3327"}],"wp:term":[{"taxonomy":"product_brand","embeddable":true,"href":"https:\/\/www.spellpolaris.com\/fi\/wp-json\/wp\/v2\/product_brand?post=3327"},{"taxonomy":"product_cat","embeddable":true,"href":"https:\/\/www.spellpolaris.com\/fi\/wp-json\/wp\/v2\/product_cat?post=3327"},{"taxonomy":"product_tag","embeddable":true,"href":"https:\/\/www.spellpolaris.com\/fi\/wp-json\/wp\/v2\/product_tag?post=3327"}],"curies":[{"name":"wp","href":"https:\/\/api.w.org\/{rel}","templated":true}]}}